{"id":41,"date":"2025-10-05T17:28:19","date_gmt":"2025-10-05T15:28:19","guid":{"rendered":"https:\/\/web.alpacaplace.de\/?page_id=41"},"modified":"2026-03-17T12:23:20","modified_gmt":"2026-03-17T11:23:20","slug":"wandern-mit-alpakas","status":"publish","type":"page","link":"https:\/\/alpacaplace.de\/en\/wandern-mit-alpakas\/","title":{"rendered":"Walking with alpacas"},"content":{"rendered":"<style>.kb-row-layout-wrap.wp-block-kadence-rowlayout.kb-row-layout-id41_701b43-d9{margin-top:0px;margin-bottom:0px;}.kb-row-layout-id41_701b43-d9 > .kt-row-column-wrap{align-content:start;}:where(.kb-row-layout-id41_701b43-d9 > .kt-row-column-wrap) > .wp-block-kadence-column{justify-content:start;}.kb-row-layout-id41_701b43-d9 > .kt-row-column-wrap{column-gap:var(--global-kb-gap-md, 2rem);row-gap:var(--global-kb-gap-md, 2rem);max-width:var( --global-content-width, 1290px );padding-left:var(--global-content-edge-padding);padding-right:var(--global-content-edge-padding);padding-top:var(--global-kb-spacing-3xl, 6.5rem);padding-bottom:var(--global-kb-spacing-3xl, 6.5rem);grid-template-columns:minmax(0, calc(75% - ((var(--global-kb-gap-md, 2rem) * 1 )\/2)))minmax(0, calc(25% - ((var(--global-kb-gap-md, 2rem) * 1 )\/2)));}.kb-row-layout-id41_701b43-d9{background-color:rgba(165,195,84,0.1);}.kb-row-layout-id41_701b43-d9 > .kt-row-layout-overlay{opacity:0.30;}@media all and (max-width: 1024px){.kb-row-layout-id41_701b43-d9 > .kt-row-column-wrap{grid-template-columns:repeat(2, minmax(0, 1fr));}}@media all and (max-width: 767px){.kb-row-layout-id41_701b43-d9 > .kt-row-column-wrap{grid-template-columns:minmax(0, 1fr);}}<\/style><div class=\"kb-row-layout-wrap kb-row-layout-id41_701b43-d9 alignfull kt-row-has-bg wp-block-kadence-rowlayout\"><div class=\"kt-row-column-wrap kt-has-2-columns kt-row-layout-equal kt-tab-layout-inherit kt-mobile-layout-row kt-row-valign-top kb-theme-content-width\">\n<style>.kadence-column41_373149-78 > .kt-inside-inner-col,.kadence-column41_373149-78 > .kt-inside-inner-col:before{border-top-left-radius:0px;border-top-right-radius:0px;border-bottom-right-radius:0px;border-bottom-left-radius:0px;}.kadence-column41_373149-78 > .kt-inside-inner-col{column-gap:var(--global-kb-gap-sm, 1rem);}.kadence-column41_373149-78 > .kt-inside-inner-col{flex-direction:column;}.kadence-column41_373149-78 > .kt-inside-inner-col > .aligncenter{width:100%;}.kadence-column41_373149-78 > .kt-inside-inner-col:before{opacity:0.3;}.kadence-column41_373149-78{position:relative;}@media all and (max-width: 1024px){.kadence-column41_373149-78 > .kt-inside-inner-col{flex-direction:column;justify-content:center;}}@media all and (max-width: 767px){.kadence-column41_373149-78 > .kt-inside-inner-col{flex-direction:column;justify-content:center;}}<\/style>\n<div class=\"wp-block-kadence-column kadence-column41_373149-78\"><div class=\"kt-inside-inner-col\">\n<h2 class=\"wp-block-heading\">Spazieren mit Alpakas<\/h2>\n\n\n\n<figure class=\"wp-block-image size-large\"><img loading=\"lazy\" decoding=\"async\" width=\"1024\" height=\"683\" src=\"https:\/\/web.alpacaplace.de\/wp-content\/uploads\/2026\/01\/image-1024x683.jpg\" alt=\"image\" class=\"wp-image-344\" title=\"Wandern mit Alpakas\" srcset=\"https:\/\/alpacaplace.de\/wp-content\/uploads\/2026\/01\/image-1024x683.jpg 1024w, https:\/\/alpacaplace.de\/wp-content\/uploads\/2026\/01\/image-300x200.jpg 300w, https:\/\/alpacaplace.de\/wp-content\/uploads\/2026\/01\/image-768x512.jpg 768w, https:\/\/alpacaplace.de\/wp-content\/uploads\/2026\/01\/image-18x12.jpg 18w, https:\/\/alpacaplace.de\/wp-content\/uploads\/2026\/01\/image.jpg 1536w\" sizes=\"auto, (max-width: 1024px) 100vw, 1024px\" \/><\/figure>\n\n\n\n<p>Werte Alpakafreunde,<\/p>\n\n\n\n<p>genie\u00dft und entspannt bei einer Alpaka-Wanderung in Begleitung der freundlichen und sanftm\u00fctigen Alpakas. Aufmerksam und neugierig beobachten Sie Alles mit Ihren gro\u00dfen, dunklen Kulleraugen. Jedes Tier hat seinen eigenen Charakter und seine individuelle Stimme.&nbsp;Alle Alpakas kommunizieren durch angenehm klingendes Summen,&nbsp;das sehr beruhigend auf uns Menschen wirkt. Wenn jemand sonst auch etwas \u00e4ngstlich gegen\u00fcber Tieren ist, wird Er meist von der positiven Ausstrahlung und dem ruhigen Wesen der Alpakas \u201eabgeholt\u201c.<\/p>\n\n\n\n<p>Wir passen unser Tempo den angenehmen Weggef\u00e4hrten an. Durch respektvollen und geduldigen Umgang l\u00e4sst sich das Vertrauen der Alpakas am Besten gewinnen. Ist Dies geschafft, kann man viel Spa\u00df und Freude mit den bezaubernden Alpakas haben.<\/p>\n\n\n<style>.wp-block-kadence-advancedgallery.kb-gallery-wrap-id-41_05a7d1-8b{margin-bottom:var(--global-kb-spacing-sm, 1.5rem);}.wp-block-kadence-advancedgallery .kb-gallery-type-grid.kb-gallery-id-41_05a7d1-8b{margin:-5px;}.kb-gallery-type-grid.kb-gallery-id-41_05a7d1-8b .kadence-blocks-gallery-item{padding:5px;}.kb-gallery-id-41_05a7d1-8b .kadence-blocks-gallery-item .kb-gal-image-radius, .kb-gallery-id-41_05a7d1-8b .kb-slide-item .kb-gal-image-radius img{border-radius:0px 0px 0px 0px;;}.kb-gallery-id-41_05a7d1-8b .kadence-blocks-gallery-item .kadence-blocks-gallery-item-inner .kadence-blocks-gallery-item__caption{font-size:10px;}.kb-gallery-caption-style-bottom.kb-gallery-id-41_05a7d1-8b .kadence-blocks-gallery-item .kadence-blocks-gallery-item-inner .kadence-blocks-gallery-item__caption, .kb-gallery-caption-style-bottom-hover.kb-gallery-id-41_05a7d1-8b .kadence-blocks-gallery-item .kadence-blocks-gallery-item-inner .kadence-blocks-gallery-item__caption{background:linear-gradient(0deg, rgba(0, 0, 0, 0.5) 0, rgba(0, 0, 0, 0) 100%);}<\/style><div class=\"kb-gallery-wrap-id-41_05a7d1-8b alignnone wp-block-kadence-advancedgallery\"><ul class=\"kb-gallery-ul kb-gallery-non-static kb-gallery-type-grid kb-gallery-id-41_05a7d1-8b kb-gallery-caption-style-bottom kb-gallery-filter-none kb-gallery-magnific-init\" data-image-filter=\"none\" data-item-selector=\".kadence-blocks-gallery-item\" data-lightbox-caption=\"true\" data-columns-xxl=\"3\" data-columns-xl=\"3\" data-columns-md=\"3\" data-columns-sm=\"2\" data-columns-xs=\"1\" data-columns-ss=\"1\"><li class=\"kadence-blocks-gallery-item\"><div class=\"kadence-blocks-gallery-item-inner\"><figure class=\"kb-gallery-figure kb-gallery-item-has-link\"><a href=\"https:\/\/web.alpacaplace.de\/wp-content\/uploads\/2025\/12\/image.jpg\" data-alt=\"image\" class=\"kb-gallery-item-link\"   role=\"button\" aria-haspopup=\"dialog\"><div class=\"kb-gal-image-radius\"><div class=\"kb-gallery-image-contain kadence-blocks-gallery-intrinsic kb-gallery-image-ratio-land32 kb-has-image-ratio-land32\" ><img loading=\"lazy\" decoding=\"async\" src=\"https:\/\/web.alpacaplace.de\/wp-content\/uploads\/2025\/12\/image.jpg\" width=\"1024\" height=\"682\" alt=\"image\" data-full-image=\"https:\/\/web.alpacaplace.de\/wp-content\/uploads\/2025\/12\/image.jpg\" data-light-image=\"https:\/\/web.alpacaplace.de\/wp-content\/uploads\/2025\/12\/image.jpg\" data-id=\"288\" class=\"wp-image-288\" title=\"Wandern mit Alpakas\" srcset=\"https:\/\/alpacaplace.de\/wp-content\/uploads\/2025\/12\/image.jpg 1024w, https:\/\/alpacaplace.de\/wp-content\/uploads\/2025\/12\/image-300x200.jpg 300w, https:\/\/alpacaplace.de\/wp-content\/uploads\/2025\/12\/image-768x512.jpg 768w, https:\/\/alpacaplace.de\/wp-content\/uploads\/2025\/12\/image-18x12.jpg 18w\" sizes=\"auto, (max-width: 1024px) 100vw, 1024px\" \/><\/div><\/div><\/a><\/figure><\/div><\/li><li class=\"kadence-blocks-gallery-item\"><div class=\"kadence-blocks-gallery-item-inner\"><figure class=\"kb-gallery-figure kb-gallery-item-has-link kadence-blocks-gallery-item-has-caption\"><a href=\"https:\/\/web.alpacaplace.de\/wp-content\/uploads\/2026\/01\/Treffpunkt.jpg\" data-description=\"Altmannsroter Str 573479 Ellwangen \/ Eggenrot\" data-alt=\"treffpunkt\" class=\"kb-gallery-item-link\"   role=\"button\" aria-haspopup=\"dialog\"><div class=\"kb-gal-image-radius\"><div class=\"kb-gallery-image-contain kadence-blocks-gallery-intrinsic kb-gallery-image-ratio-land32 kb-has-image-ratio-land32\" ><img loading=\"lazy\" decoding=\"async\" src=\"https:\/\/web.alpacaplace.de\/wp-content\/uploads\/2026\/01\/Treffpunkt.jpg\" width=\"1024\" height=\"555\" alt=\"treffpunkt\" data-full-image=\"https:\/\/web.alpacaplace.de\/wp-content\/uploads\/2026\/01\/Treffpunkt.jpg\" data-light-image=\"https:\/\/web.alpacaplace.de\/wp-content\/uploads\/2026\/01\/Treffpunkt.jpg\" data-id=\"423\" class=\"wp-image-423\" title=\"Wandern mit Alpakas\" srcset=\"https:\/\/alpacaplace.de\/wp-content\/uploads\/2026\/01\/Treffpunkt.jpg 1024w, https:\/\/alpacaplace.de\/wp-content\/uploads\/2026\/01\/Treffpunkt-300x163.jpg 300w, https:\/\/alpacaplace.de\/wp-content\/uploads\/2026\/01\/Treffpunkt-768x416.jpg 768w, https:\/\/alpacaplace.de\/wp-content\/uploads\/2026\/01\/Treffpunkt-18x10.jpg 18w\" sizes=\"auto, (max-width: 1024px) 100vw, 1024px\" \/><\/div><div class=\"kadence-blocks-gallery-item__caption\">Altmannsroter Str 5<br>73479 Ellwangen \/ Eggenrot<\/div><\/div><\/a><\/figure><\/div><\/li><li class=\"kadence-blocks-gallery-item\"><div class=\"kadence-blocks-gallery-item-inner\"><figure class=\"kb-gallery-figure kb-gallery-item-has-link\"><a href=\"https:\/\/web.alpacaplace.de\/wp-content\/uploads\/2026\/01\/SOCIAL-705659-1536x1024-1.jpg\" data-alt=\"social 705659 1536x1024\" class=\"kb-gallery-item-link\"   role=\"button\" aria-haspopup=\"dialog\"><div class=\"kb-gal-image-radius\"><div class=\"kb-gallery-image-contain kadence-blocks-gallery-intrinsic kb-gallery-image-ratio-land32 kb-has-image-ratio-land32\" ><img loading=\"lazy\" decoding=\"async\" src=\"https:\/\/web.alpacaplace.de\/wp-content\/uploads\/2026\/01\/SOCIAL-705659-1536x1024-1-1024x683.jpg\" width=\"1024\" height=\"683\" alt=\"social 705659 1536x1024\" data-full-image=\"https:\/\/web.alpacaplace.de\/wp-content\/uploads\/2026\/01\/SOCIAL-705659-1536x1024-1.jpg\" data-light-image=\"https:\/\/web.alpacaplace.de\/wp-content\/uploads\/2026\/01\/SOCIAL-705659-1536x1024-1.jpg\" data-id=\"346\" class=\"wp-image-346\" title=\"Wandern mit Alpakas\" srcset=\"https:\/\/alpacaplace.de\/wp-content\/uploads\/2026\/01\/SOCIAL-705659-1536x1024-1-1024x683.jpg 1024w, https:\/\/alpacaplace.de\/wp-content\/uploads\/2026\/01\/SOCIAL-705659-1536x1024-1-300x200.jpg 300w, https:\/\/alpacaplace.de\/wp-content\/uploads\/2026\/01\/SOCIAL-705659-1536x1024-1-768x512.jpg 768w, https:\/\/alpacaplace.de\/wp-content\/uploads\/2026\/01\/SOCIAL-705659-1536x1024-1-18x12.jpg 18w, https:\/\/alpacaplace.de\/wp-content\/uploads\/2026\/01\/SOCIAL-705659-1536x1024-1.jpg 1536w\" sizes=\"auto, (max-width: 1024px) 100vw, 1024px\" \/><\/div><\/div><\/a><\/figure><\/div><\/li><\/ul><\/div>\n\n\n<p>Wenn Ihr Euch darauf einlassen wollt und dieses Erlebnis in kleinen Gruppen (max. 8 Pers.) mit uns teilen m\u00f6chtet, seid Ihr auf alpacaplace ganz herzlich willkommen. Ist ein passender Termin gefunden, kann Es auch schon losgehen und wir starten gemeinsam in ein paar sch\u00f6ne Stunden mit mindestens zwei Alpakas, aus unserer kleinen Herde.<\/p>\n\n\n\n<figure class=\"wp-block-gallery has-nested-images columns-4 is-cropped wp-block-gallery-1 is-layout-flex wp-block-gallery-is-layout-flex\">\n<figure class=\"wp-block-image size-large\"><img loading=\"lazy\" decoding=\"async\" width=\"683\" height=\"1024\" data-id=\"351\" src=\"https:\/\/web.alpacaplace.de\/wp-content\/uploads\/2026\/01\/SOCIAL-705717-683x1024.jpg\" alt=\"social 705717\" class=\"wp-image-351\" title=\"Wandern mit Alpakas\" srcset=\"https:\/\/alpacaplace.de\/wp-content\/uploads\/2026\/01\/SOCIAL-705717-683x1024.jpg 683w, https:\/\/alpacaplace.de\/wp-content\/uploads\/2026\/01\/SOCIAL-705717-200x300.jpg 200w, https:\/\/alpacaplace.de\/wp-content\/uploads\/2026\/01\/SOCIAL-705717-768x1152.jpg 768w, https:\/\/alpacaplace.de\/wp-content\/uploads\/2026\/01\/SOCIAL-705717-1024x1536.jpg 1024w, https:\/\/alpacaplace.de\/wp-content\/uploads\/2026\/01\/SOCIAL-705717-8x12.jpg 8w, https:\/\/alpacaplace.de\/wp-content\/uploads\/2026\/01\/SOCIAL-705717.jpg 1280w\" sizes=\"auto, (max-width: 683px) 100vw, 683px\" \/><\/figure>\n\n\n\n<figure class=\"wp-block-image size-full\"><img loading=\"lazy\" decoding=\"async\" width=\"768\" height=\"1024\" data-id=\"384\" src=\"https:\/\/web.alpacaplace.de\/wp-content\/uploads\/2026\/01\/Damm-und-See-.jpg\" alt=\"damm und see\" class=\"wp-image-384\" title=\"Wandern mit Alpakas\" srcset=\"https:\/\/alpacaplace.de\/wp-content\/uploads\/2026\/01\/Damm-und-See-.jpg 768w, https:\/\/alpacaplace.de\/wp-content\/uploads\/2026\/01\/Damm-und-See--225x300.jpg 225w, https:\/\/alpacaplace.de\/wp-content\/uploads\/2026\/01\/Damm-und-See--9x12.jpg 9w\" sizes=\"auto, (max-width: 768px) 100vw, 768px\" \/><\/figure>\n\n\n\n<figure class=\"wp-block-image size-full\"><img loading=\"lazy\" decoding=\"async\" width=\"582\" height=\"582\" data-id=\"380\" src=\"https:\/\/web.alpacaplace.de\/wp-content\/uploads\/2026\/01\/Betty-wandert-.jpg\" alt=\"betty wandert\" class=\"wp-image-380\" title=\"Wandern mit Alpakas\" srcset=\"https:\/\/alpacaplace.de\/wp-content\/uploads\/2026\/01\/Betty-wandert-.jpg 582w, https:\/\/alpacaplace.de\/wp-content\/uploads\/2026\/01\/Betty-wandert--300x300.jpg 300w, https:\/\/alpacaplace.de\/wp-content\/uploads\/2026\/01\/Betty-wandert--150x150.jpg 150w, https:\/\/alpacaplace.de\/wp-content\/uploads\/2026\/01\/Betty-wandert--12x12.jpg 12w\" sizes=\"auto, (max-width: 582px) 100vw, 582px\" \/><\/figure>\n\n\n\n<figure class=\"wp-block-image size-full\"><img loading=\"lazy\" decoding=\"async\" width=\"960\" height=\"1169\" data-id=\"421\" src=\"https:\/\/web.alpacaplace.de\/wp-content\/uploads\/2026\/01\/See-mit-Haus-am-Damm-.jpg\" alt=\"screenshot\" class=\"wp-image-421\" title=\"Wandern mit Alpakas\" srcset=\"https:\/\/alpacaplace.de\/wp-content\/uploads\/2026\/01\/See-mit-Haus-am-Damm-.jpg 960w, https:\/\/alpacaplace.de\/wp-content\/uploads\/2026\/01\/See-mit-Haus-am-Damm--246x300.jpg 246w, https:\/\/alpacaplace.de\/wp-content\/uploads\/2026\/01\/See-mit-Haus-am-Damm--841x1024.jpg 841w, https:\/\/alpacaplace.de\/wp-content\/uploads\/2026\/01\/See-mit-Haus-am-Damm--768x935.jpg 768w, https:\/\/alpacaplace.de\/wp-content\/uploads\/2026\/01\/See-mit-Haus-am-Damm--10x12.jpg 10w\" sizes=\"auto, (max-width: 960px) 100vw, 960px\" \/><\/figure>\n<\/figure>\n\n\n<style>.wp-block-kadence-advancedheading.kt-adv-heading41_b2960d-f2, .wp-block-kadence-advancedheading.kt-adv-heading41_b2960d-f2[data-kb-block=\"kb-adv-heading41_b2960d-f2\"]{padding-top:var(--global-kb-spacing-sm, 1.5rem);font-style:normal;}.wp-block-kadence-advancedheading.kt-adv-heading41_b2960d-f2 mark.kt-highlight, .wp-block-kadence-advancedheading.kt-adv-heading41_b2960d-f2[data-kb-block=\"kb-adv-heading41_b2960d-f2\"] mark.kt-highlight{font-style:normal;color:#f76a0c;-webkit-box-decoration-break:clone;box-decoration-break:clone;padding-top:0px;padding-right:0px;padding-bottom:0px;padding-left:0px;}.wp-block-kadence-advancedheading.kt-adv-heading41_b2960d-f2 img.kb-inline-image, .wp-block-kadence-advancedheading.kt-adv-heading41_b2960d-f2[data-kb-block=\"kb-adv-heading41_b2960d-f2\"] img.kb-inline-image{width:150px;vertical-align:baseline;}<\/style>\n<p class=\"kt-adv-heading41_b2960d-f2 wp-block-kadence-advancedheading\" data-kb-block=\"kb-adv-heading41_b2960d-f2\"><br>Wir freuen uns auf 2026 wieder mit Euch und den Alpakas zu wandern.<br>Voraussichtlich beginnen wir ab 19.April  2026<\/p>\n\n\n\n<p><strong><u>Preise : Alpakawanderung<\/u><\/strong><\/p>\n\n\n\n<p>2 Personen mit 2 Alpakas:&nbsp; &nbsp; &nbsp; &nbsp; &nbsp; &nbsp; &nbsp;80,- \u20ac<br>Jede weitere Person mit Alpaka:&nbsp; &nbsp; 25,- \u20ac<br>Jede weitere Person ohne Alpaka: 10,- \u20ac<br><br>Kinder unter 8 Jahren d\u00fcrfen Alpakas nicht alleine f\u00fchren.<\/p>\n\n\n<style>.wp-block-kadence-advancedbtn.kb-btns41_1d2852-04{gap:var(--global-kb-gap-xs, 0.5rem );justify-content:flex-start;align-items:center;}.kt-btns41_1d2852-04 .kt-button{font-weight:normal;font-style:normal;}.kt-btns41_1d2852-04 .kt-btn-wrap-0{margin-right:5px;}.wp-block-kadence-advancedbtn.kt-btns41_1d2852-04 .kt-btn-wrap-0 .kt-button{color:#555555;border-color:#555555;}.wp-block-kadence-advancedbtn.kt-btns41_1d2852-04 .kt-btn-wrap-0 .kt-button:hover, .wp-block-kadence-advancedbtn.kt-btns41_1d2852-04 .kt-btn-wrap-0 .kt-button:focus{color:#ffffff;border-color:#444444;}.wp-block-kadence-advancedbtn.kt-btns41_1d2852-04 .kt-btn-wrap-0 .kt-button::before{display:none;}.wp-block-kadence-advancedbtn.kt-btns41_1d2852-04 .kt-btn-wrap-0 .kt-button:hover, .wp-block-kadence-advancedbtn.kt-btns41_1d2852-04 .kt-btn-wrap-0 .kt-button:focus{background:#444444;}<\/style>\n<div class=\"wp-block-kadence-advancedbtn kb-buttons-wrap kb-btns41_1d2852-04\"><style>ul.menu .wp-block-kadence-advancedbtn .kb-btn41_d504b5-61.kb-button{width:initial;}<\/style><a class=\"kb-button kt-button button kb-btn41_d504b5-61 kt-btn-size-standard kt-btn-width-type-auto kb-btn-global-fill  kt-btn-has-text-true kt-btn-has-svg-false  wp-block-kadence-singlebtn\" href=\"mailto:alpacaplace@gmx.de?subject=Bestellung%20Gutschein%20Alpaka-Wanderung\"><span class=\"kt-btn-inner-text\">Gutschein f\u00fcr eine Alpaka-Wanderung bestellen<\/span><\/a><\/div>\n\n\n\n<h3 class=\"wp-block-heading\">Wichtige Hinweise<\/h3>\n\n\n\n<p>Alpakas sind sensible Herden- und Fluchttiere.&nbsp;<br>Hektische Bewegungen und schrille Laute k\u00f6nnen Sie leicht erschrecken. Deshalb sind ein paar wenige Dinge zu beachten<\/p>\n\n\n<style>.wp-block-kadence-iconlist.kt-svg-icon-list-items41_c931b0-64:not(.this-stops-third-party-issues){margin-top:0px;margin-bottom:0px;}.wp-block-kadence-iconlist.kt-svg-icon-list-items41_c931b0-64 ul.kt-svg-icon-list:not(.this-prevents-issues):not(.this-stops-third-party-issues):not(.tijsloc){margin-top:0px;margin-right:0px;margin-bottom:var(--global-kb-spacing-sm, 1.5rem);margin-left:0px;}.wp-block-kadence-iconlist.kt-svg-icon-list-items41_c931b0-64 ul.kt-svg-icon-list{grid-row-gap:5px;}.wp-block-kadence-iconlist.kt-svg-icon-list-items41_c931b0-64 .kb-svg-icon-wrap{color:var(--global-palette1, #3182CE);}.wp-block-kadence-iconlist.kt-svg-icon-list-items41_c931b0-64 ul.kt-svg-icon-list .kt-svg-icon-list-item-wrap .kt-svg-icon-list-single{margin-right:10px;}.kt-svg-icon-list-items41_c931b0-64 ul.kt-svg-icon-list .kt-svg-icon-list-level-0 .kt-svg-icon-list-single svg{font-size:20px;}<\/style>\n<div class=\"wp-block-kadence-iconlist kt-svg-icon-list-items kt-svg-icon-list-items41_c931b0-64 kt-svg-icon-list-columns-1 alignnone\"><ul class=\"kt-svg-icon-list\"><style>.kt-svg-icon-list-item-41_09876d-a2 .kt-svg-icon-list-text mark.kt-highlight{background-color:unset;font-style:normal;color:#f76a0c;-webkit-box-decoration-break:clone;box-decoration-break:clone;padding-top:0px;padding-right:0px;padding-bottom:0px;padding-left:0px;}<\/style>\n<li class=\"wp-block-kadence-listitem kt-svg-icon-list-item-wrap kt-svg-icon-list-item-41_09876d-a2\"><span class=\"kb-svg-icon-wrap kb-svg-icon-fe_checkCircle kt-svg-icon-list-single\"><svg viewBox=\"0 0 24 24\"  fill=\"none\" stroke=\"currentColor\" stroke-width=\"2\" stroke-linecap=\"round\" stroke-linejoin=\"round\" xmlns=\"http:\/\/www.w3.org\/2000\/svg\"  aria-hidden=\"true\"><path d=\"M22 11.08V12a10 10 0 1 1-5.93-9.14\"\/><polyline points=\"22 4 12 14.01 9 11.01\"\/><\/svg><\/span><span class=\"kt-svg-icon-list-text\">Regenschirme und Hunde sollten zu Hause bleiben !<\/span><\/li>\n\n\n<style>.kt-svg-icon-list-item-41_8cd6c8-41 .kt-svg-icon-list-text mark.kt-highlight{background-color:unset;font-style:normal;color:#f76a0c;-webkit-box-decoration-break:clone;box-decoration-break:clone;padding-top:0px;padding-right:0px;padding-bottom:0px;padding-left:0px;}<\/style>\n<li class=\"wp-block-kadence-listitem kt-svg-icon-list-item-wrap kt-svg-icon-list-item-41_8cd6c8-41\"><span class=\"kb-svg-icon-wrap kb-svg-icon-fe_checkCircle kt-svg-icon-list-single\"><svg viewBox=\"0 0 24 24\"  fill=\"none\" stroke=\"currentColor\" stroke-width=\"2\" stroke-linecap=\"round\" stroke-linejoin=\"round\" xmlns=\"http:\/\/www.w3.org\/2000\/svg\"  aria-hidden=\"true\"><path d=\"M22 11.08V12a10 10 0 1 1-5.93-9.14\"\/><polyline points=\"22 4 12 14.01 9 11.01\"\/><\/svg><\/span><span class=\"kt-svg-icon-list-text\">Bitte festes und wasserdichtes Schuhwerk tragen !<\/span><\/li>\n\n\n<style>.kt-svg-icon-list-item-41_4b55dc-eb .kt-svg-icon-list-text mark.kt-highlight{background-color:unset;font-style:normal;color:#f76a0c;-webkit-box-decoration-break:clone;box-decoration-break:clone;padding-top:0px;padding-right:0px;padding-bottom:0px;padding-left:0px;}<\/style>\n<li class=\"wp-block-kadence-listitem kt-svg-icon-list-item-wrap kt-svg-icon-list-item-41_4b55dc-eb\"><span class=\"kb-svg-icon-wrap kb-svg-icon-fe_checkCircle kt-svg-icon-list-single\"><svg viewBox=\"0 0 24 24\"  fill=\"none\" stroke=\"currentColor\" stroke-width=\"2\" stroke-linecap=\"round\" stroke-linejoin=\"round\" xmlns=\"http:\/\/www.w3.org\/2000\/svg\"  aria-hidden=\"true\"><path d=\"M22 11.08V12a10 10 0 1 1-5.93-9.14\"\/><polyline points=\"22 4 12 14.01 9 11.01\"\/><\/svg><\/span><span class=\"kt-svg-icon-list-text\">Bringt genug Zeit und gute Laune mit ( ca. 2 Std.)&nbsp;<\/span><\/li>\n\n\n<style>.kt-svg-icon-list-item-41_3149b3-2d .kt-svg-icon-list-text mark.kt-highlight{background-color:unset;font-style:normal;color:#f76a0c;-webkit-box-decoration-break:clone;box-decoration-break:clone;padding-top:0px;padding-right:0px;padding-bottom:0px;padding-left:0px;}<\/style>\n<li class=\"wp-block-kadence-listitem kt-svg-icon-list-item-wrap kt-svg-icon-list-item-41_3149b3-2d\"><span class=\"kb-svg-icon-wrap kb-svg-icon-fe_checkCircle kt-svg-icon-list-single\"><svg viewBox=\"0 0 24 24\"  fill=\"none\" stroke=\"currentColor\" stroke-width=\"2\" stroke-linecap=\"round\" stroke-linejoin=\"round\" xmlns=\"http:\/\/www.w3.org\/2000\/svg\"  aria-hidden=\"true\"><path d=\"M22 11.08V12a10 10 0 1 1-5.93-9.14\"\/><polyline points=\"22 4 12 14.01 9 11.01\"\/><\/svg><\/span><span class=\"kt-svg-icon-list-text\">Kinderwagen fahren geht nicht, da der Weg zu schmal ist<\/span><\/li>\n<\/ul><\/div>\n\n\n\n<p>Wir w\u00fcnschen Euch viel Freude mit unseren flauschigen Alpakas und&nbsp;beantworten alle Eure Fragen sehr gerne unterwegs.<\/p>\n<\/div><\/div>\n\n\n<style>.kadence-column41_ad92dc-70 > .kt-inside-inner-col,.kadence-column41_ad92dc-70 > .kt-inside-inner-col:before{border-top-left-radius:0px;border-top-right-radius:0px;border-bottom-right-radius:0px;border-bottom-left-radius:0px;}.kadence-column41_ad92dc-70 > .kt-inside-inner-col{column-gap:var(--global-kb-gap-sm, 1rem);}.kadence-column41_ad92dc-70 > .kt-inside-inner-col{flex-direction:column;}.kadence-column41_ad92dc-70 > .kt-inside-inner-col > .aligncenter{width:100%;}.kadence-column41_ad92dc-70 > .kt-inside-inner-col:before{opacity:0.3;}.kadence-column41_ad92dc-70{position:relative;}@media all and (max-width: 1024px){.kadence-column41_ad92dc-70 > .kt-inside-inner-col{flex-direction:column;justify-content:center;}}@media all and (max-width: 767px){.kadence-column41_ad92dc-70 > .kt-inside-inner-col{flex-direction:column;justify-content:center;}}<\/style>\n<div class=\"wp-block-kadence-column kadence-column41_ad92dc-70\"><div class=\"kt-inside-inner-col\"><\/div><\/div>\n\n<\/div><\/div>","protected":false},"excerpt":{"rendered":"<p>Spazieren mit Alpakas Werte Alpakafreunde, genie\u00dft und entspannt bei einer Alpaka-Wanderung in Begleitung der freundlichen und sanftm\u00fctigen Alpakas. Aufmerksam und neugierig beobachten Sie Alles mit Ihren gro\u00dfen, dunklen Kulleraugen. Jedes Tier hat seinen eigenen Charakter und seine individuelle Stimme.&nbsp;Alle Alpakas kommunizieren durch angenehm klingendes Summen,&nbsp;das sehr beruhigend auf uns Menschen wirkt. Wenn jemand sonst auch&#8230;<\/p>","protected":false},"author":1,"featured_media":0,"parent":0,"menu_order":2,"comment_status":"closed","ping_status":"closed","template":"","meta":{"_kad_blocks_custom_css":"","_kad_blocks_head_custom_js":"","_kad_blocks_body_custom_js":"","_kad_blocks_footer_custom_js":"","_kad_post_transparent":"","_kad_post_title":"","_kad_post_layout":"","_kad_post_sidebar_id":"","_kad_post_content_style":"","_kad_post_vertical_padding":"bottom","_kad_post_feature":"","_kad_post_feature_position":"","_kad_post_header":false,"_kad_post_footer":false,"_kad_post_classname":"","footnotes":""},"class_list":["post-41","page","type-page","status-publish","hentry"],"taxonomy_info":[],"featured_image_src_large":false,"author_info":{"display_name":"alpaca-admin","author_link":"https:\/\/alpacaplace.de\/en\/author\/alpaca-admin\/"},"comment_info":0,"meta_box":[],"_links":{"self":[{"href":"https:\/\/alpacaplace.de\/en\/wp-json\/wp\/v2\/pages\/41","targetHints":{"allow":["GET"]}}],"collection":[{"href":"https:\/\/alpacaplace.de\/en\/wp-json\/wp\/v2\/pages"}],"about":[{"href":"https:\/\/alpacaplace.de\/en\/wp-json\/wp\/v2\/types\/page"}],"author":[{"embeddable":true,"href":"https:\/\/alpacaplace.de\/en\/wp-json\/wp\/v2\/users\/1"}],"replies":[{"embeddable":true,"href":"https:\/\/alpacaplace.de\/en\/wp-json\/wp\/v2\/comments?post=41"}],"version-history":[{"count":2,"href":"https:\/\/alpacaplace.de\/en\/wp-json\/wp\/v2\/pages\/41\/revisions"}],"predecessor-version":[{"id":479,"href":"https:\/\/alpacaplace.de\/en\/wp-json\/wp\/v2\/pages\/41\/revisions\/479"}],"wp:attachment":[{"href":"https:\/\/alpacaplace.de\/en\/wp-json\/wp\/v2\/media?parent=41"}],"curies":[{"name":"wp","href":"https:\/\/api.w.org\/{rel}","templated":true}]}}