{"id":221,"date":"2025-11-07T15:33:13","date_gmt":"2025-11-07T14:33:13","guid":{"rendered":"https:\/\/web.alpacaplace.de\/?page_id=221"},"modified":"2026-02-12T14:14:34","modified_gmt":"2026-02-12T13:14:34","slug":"produkte","status":"publish","type":"page","link":"https:\/\/alpacaplace.de\/en\/produkte\/","title":{"rendered":"Products"},"content":{"rendered":"<style>.kb-row-layout-id221_d6349a-36 > .kt-row-column-wrap{align-content:start;}:where(.kb-row-layout-id221_d6349a-36 > .kt-row-column-wrap) > .wp-block-kadence-column{justify-content:start;}.kb-row-layout-id221_d6349a-36 > .kt-row-column-wrap{column-gap:var(--global-kb-gap-md, 2rem);row-gap:var(--global-kb-gap-md, 2rem);max-width:var( --global-content-width, 1290px );padding-left:var(--global-content-edge-padding);padding-right:var(--global-content-edge-padding);padding-top:var(--global-kb-spacing-xl, 4rem);padding-bottom:var(--global-kb-spacing-xl, 4rem);}.kb-row-layout-id221_d6349a-36 > .kt-row-column-wrap > div:not(.added-for-specificity){grid-column:initial;}.kb-row-layout-id221_d6349a-36 > .kt-row-column-wrap{grid-template-columns:repeat(2, minmax(0, 1fr));}.kb-row-layout-id221_d6349a-36 > .kt-row-layout-overlay{opacity:0.30;}@media all and (max-width: 1024px){.kb-row-layout-id221_d6349a-36 > .kt-row-column-wrap > div:not(.added-for-specificity){grid-column:initial;}}@media all and (max-width: 1024px){.kb-row-layout-id221_d6349a-36 > .kt-row-column-wrap{grid-template-columns:repeat(2, minmax(0, 1fr));}}@media all and (max-width: 767px){.kb-row-layout-id221_d6349a-36 > .kt-row-column-wrap > div:not(.added-for-specificity){grid-column:initial;}.kb-row-layout-id221_d6349a-36 > .kt-row-column-wrap{grid-template-columns:minmax(0, 1fr);}}<\/style><div class=\"kb-row-layout-wrap kb-row-layout-id221_d6349a-36 alignnone wp-block-kadence-rowlayout\"><div class=\"kt-row-column-wrap kt-has-4-columns kt-row-layout-two-grid kt-tab-layout-inherit kt-mobile-layout-row kt-row-valign-top kb-theme-content-width\">\n<style>.kadence-column221_a51f81-f0 > .kt-inside-inner-col,.kadence-column221_a51f81-f0 > .kt-inside-inner-col:before{border-top-left-radius:0px;border-top-right-radius:0px;border-bottom-right-radius:0px;border-bottom-left-radius:0px;}.kadence-column221_a51f81-f0 > .kt-inside-inner-col{column-gap:var(--global-kb-gap-sm, 1rem);}.kadence-column221_a51f81-f0 > .kt-inside-inner-col{flex-direction:column;}.kadence-column221_a51f81-f0 > .kt-inside-inner-col > .aligncenter{width:100%;}.kadence-column221_a51f81-f0 > .kt-inside-inner-col:before{opacity:0.3;}.kadence-column221_a51f81-f0{position:relative;}@media all and (max-width: 1024px){.kadence-column221_a51f81-f0 > .kt-inside-inner-col{flex-direction:column;justify-content:center;}}@media all and (max-width: 767px){.kadence-column221_a51f81-f0 > .kt-inside-inner-col{flex-direction:column;justify-content:center;}}<\/style>\n<div class=\"wp-block-kadence-column kadence-column221_a51f81-f0\"><div class=\"kt-inside-inner-col\"><style>.kadence-video-popup221_227b91-16 .kadence-video-popup-wrap{border-top-color:rgba(255,255,255,0.8);border-top-style:solid;border-right-color:rgba(255,255,255,0.8);border-right-style:solid;border-bottom-color:rgba(255,255,255,0.8);border-bottom-style:solid;border-left-color:rgba(255,255,255,0.8);border-left-style:solid;border-top-left-radius:0px;border-top-right-radius:0px;border-bottom-right-radius:0px;border-bottom-left-radius:0px;}.kadence-video-popup221_227b91-16 .kadence-video-popup-wrap .kt-video-svg-icon{color:#ffffff;}.kadence-video-popup221_227b91-16 .kadence-video-popup-wrap .kt-video-svg-icon > svg{stroke-width:2;}.kadence-video-popup221_227b91-16 .kadence-video-popup-wrap .kadence-video-overlay{opacity:0.3;;mix-blend-mode:none;;background:#000000;;}.kadence-video-popup221_227b91-16 .kadence-video-popup-wrap:hover .kadence-video-overlay{opacity:0.5;;}.glightbox-kadence-dark.kadence-popup-221_227b91-16 .goverlay{background:#000000;opacity:0.8;}.glightbox-container.kadence-popup-221_227b91-16 .gclose path, .glightbox-container.kadence-popup-221_227b91-16 .gnext path, .glightbox-container.kadence-popup-221_227b91-16 .gprev path{fill:#ffffff;}.glightbox-container.kadence-popup-221_227b91-16 .gslide-video, .glightbox-container.kadence-popup-221_227b91-16 .gvideo-local{max-width:900px !important;}@media all and (max-width: 1024px){.kadence-video-popup221_227b91-16 .kadence-video-popup-wrap{border-top-color:rgba(255,255,255,0.8);border-top-style:solid;border-right-color:rgba(255,255,255,0.8);border-right-style:solid;border-bottom-color:rgba(255,255,255,0.8);border-bottom-style:solid;border-left-color:rgba(255,255,255,0.8);border-left-style:solid;}}@media all and (max-width: 767px){.kadence-video-popup221_227b91-16 .kadence-video-popup-wrap{border-top-color:rgba(255,255,255,0.8);border-top-style:solid;border-right-color:rgba(255,255,255,0.8);border-right-style:solid;border-bottom-color:rgba(255,255,255,0.8);border-bottom-style:solid;border-left-color:rgba(255,255,255,0.8);border-left-style:solid;}}<\/style>\n<div class=\"wp-block-kadence-videopopup kadence-video-popup221_227b91-16\"><div class=\"kadence-video-popup-wrap kadence-video-noshadow\"><div class=\"kadence-video-intrinsic  kadence-video-set-ratio-56.25\" style=\"padding-bottom:56.25%\"><img loading=\"lazy\" decoding=\"async\" src=\"https:\/\/web.alpacaplace.de\/wp-content\/uploads\/2025\/10\/Digital-Human-2025-10-06-at-15.30.11@2x.jpg\" alt=\"digital human 2025 10 06 at 15.30.11@2x\" width=\"1920\" height=\"1084\" class=\"kadence-video-poster wp-image-95\" title=\"Produkte\" srcset=\"https:\/\/alpacaplace.de\/wp-content\/uploads\/2025\/10\/Digital-Human-2025-10-06-at-15.30.11@2x.jpg 1920w, https:\/\/alpacaplace.de\/wp-content\/uploads\/2025\/10\/Digital-Human-2025-10-06-at-15.30.11@2x-300x169.jpg 300w, https:\/\/alpacaplace.de\/wp-content\/uploads\/2025\/10\/Digital-Human-2025-10-06-at-15.30.11@2x-1024x578.jpg 1024w, https:\/\/alpacaplace.de\/wp-content\/uploads\/2025\/10\/Digital-Human-2025-10-06-at-15.30.11@2x-768x434.jpg 768w, https:\/\/alpacaplace.de\/wp-content\/uploads\/2025\/10\/Digital-Human-2025-10-06-at-15.30.11@2x-1536x867.jpg 1536w\" sizes=\"auto, (max-width: 1920px) 100vw, 1920px\" \/><div class=\"kadence-video-overlay\"><\/div><button class=\"kadence-video-popup-link kadence-video-type-local\" data-popup-class=\"kadence-popup-221_227b91-16\" data-effect=\"none\" data-popup-id=\"kadence-local-video-221_227b91-16\" data-popup-auto=\"true\" data-youtube-cookies=\"true\"><span class=\"kb-svg-icon-wrap kb-svg-icon-fas_play kt-video-svg-icon kt-video-svg-icon-style-default kt-video-svg-icon-fas play kt-video-play-animation-none kt-video-svg-icon-size-auto\"><svg viewBox=\"0 0 448 512\"  fill=\"currentColor\" xmlns=\"http:\/\/www.w3.org\/2000\/svg\"  role=\"img\"><title>Play<\/title><path d=\"M424.4 214.7L72.4 6.6C43.8-10.3 0 6.1 0 47.9V464c0 37.5 40.7 60.1 72.4 41.3l352-208c31.4-18.5 31.5-64.1 0-82.6z\"\/><\/svg><\/span><\/button><\/div><\/div><div id=\"kadence-local-video-221_227b91-16\" class=\"mfp-hide mfp-with-anim kadence-local-video-popup-wrap\"><video class=\"kadence-local-video-popup\" controls preload=\"metadata\" src=\"https:\/\/alpacaplace.de\/wp-content\/uploads\/2025\/10\/Alpacaplace-\u2013-Alpakadecken-720p.mp4\"><\/video><\/div><\/div>\n\n\n<style>.wp-block-kadence-advancedheading.kt-adv-heading221_600e6b-33, .wp-block-kadence-advancedheading.kt-adv-heading221_600e6b-33[data-kb-block=\"kb-adv-heading221_600e6b-33\"]{font-style:normal;}.wp-block-kadence-advancedheading.kt-adv-heading221_600e6b-33 mark.kt-highlight, .wp-block-kadence-advancedheading.kt-adv-heading221_600e6b-33[data-kb-block=\"kb-adv-heading221_600e6b-33\"] mark.kt-highlight{font-style:normal;color:#f76a0c;-webkit-box-decoration-break:clone;box-decoration-break:clone;padding-top:0px;padding-right:0px;padding-bottom:0px;padding-left:0px;}.wp-block-kadence-advancedheading.kt-adv-heading221_600e6b-33 img.kb-inline-image, .wp-block-kadence-advancedheading.kt-adv-heading221_600e6b-33[data-kb-block=\"kb-adv-heading221_600e6b-33\"] img.kb-inline-image{width:150px;vertical-align:baseline;}<\/style>\n<h2 class=\"kt-adv-heading221_600e6b-33 wp-block-kadence-advancedheading\" data-kb-block=\"kb-adv-heading221_600e6b-33\">Alpaca-Bettdecken<\/h2>\n\n\n\n<p>Nebst unserer Zucht lassen wir die Faser unserer Tiere zu hochwertigen Bettdecken verarbeiten. Diese sind kuschlig warm und sehr begehrt. Preisbeispiel f\u00fcr Standardgr\u00f6\u00dfen , Sondergr\u00f6\u00dfen auf Anfrage.<\/p>\n\n\n\n<p><strong>Preis:<\/strong> auf Anfrage <\/p>\n\n\n<style>.wp-block-kadence-advancedbtn.kb-btns221_6ba927-28{gap:var(--global-kb-gap-xs, 0.5rem );justify-content:flex-start;align-items:center;}.kt-btns221_6ba927-28 .kt-button{font-weight:normal;font-style:normal;}.kt-btns221_6ba927-28 .kt-btn-wrap-0{margin-right:5px;}.wp-block-kadence-advancedbtn.kt-btns221_6ba927-28 .kt-btn-wrap-0 .kt-button{color:#555555;border-color:#555555;}.wp-block-kadence-advancedbtn.kt-btns221_6ba927-28 .kt-btn-wrap-0 .kt-button:hover, .wp-block-kadence-advancedbtn.kt-btns221_6ba927-28 .kt-btn-wrap-0 .kt-button:focus{color:#ffffff;border-color:#444444;}.wp-block-kadence-advancedbtn.kt-btns221_6ba927-28 .kt-btn-wrap-0 .kt-button::before{display:none;}.wp-block-kadence-advancedbtn.kt-btns221_6ba927-28 .kt-btn-wrap-0 .kt-button:hover, .wp-block-kadence-advancedbtn.kt-btns221_6ba927-28 .kt-btn-wrap-0 .kt-button:focus{background:#444444;}<\/style>\n<div class=\"wp-block-kadence-advancedbtn kb-buttons-wrap kb-btns221_6ba927-28\"><style>ul.menu .wp-block-kadence-advancedbtn .kb-btn221_68b953-b5.kb-button{width:initial;}<\/style><a class=\"kb-button kt-button button kb-btn221_68b953-b5 kt-btn-size-standard kt-btn-width-type-auto kb-btn-global-inherit  kt-btn-has-text-true kt-btn-has-svg-false  wp-block-button__link wp-block-kadence-singlebtn\" href=\"mailto:alpacaplace@gmx.de?subject=Bestellung%20einer%20Alpacadecke\"><span class=\"kt-btn-inner-text\">Bettdecken anfragen<\/span><\/a><\/div>\n<\/div><\/div>\n\n\n<style>.kadence-column221_157059-73 > .kt-inside-inner-col,.kadence-column221_157059-73 > .kt-inside-inner-col:before{border-top-left-radius:0px;border-top-right-radius:0px;border-bottom-right-radius:0px;border-bottom-left-radius:0px;}.kadence-column221_157059-73 > .kt-inside-inner-col{column-gap:var(--global-kb-gap-sm, 1rem);}.kadence-column221_157059-73 > .kt-inside-inner-col{flex-direction:column;}.kadence-column221_157059-73 > .kt-inside-inner-col > .aligncenter{width:100%;}.kadence-column221_157059-73 > .kt-inside-inner-col:before{opacity:0.3;}.kadence-column221_157059-73{position:relative;}@media all and (max-width: 1024px){.kadence-column221_157059-73 > .kt-inside-inner-col{flex-direction:column;justify-content:center;}}@media all and (max-width: 767px){.kadence-column221_157059-73 > .kt-inside-inner-col{flex-direction:column;justify-content:center;}}<\/style>\n<div class=\"wp-block-kadence-column kadence-column221_157059-73\"><div class=\"kt-inside-inner-col\"><style>.kb-image221_877ce0-66 .kb-image-has-overlay:after{opacity:0.3;}<\/style>\n<figure class=\"wp-block-kadence-image kb-image221_877ce0-66 size-large kb-image-is-ratio-size\"><div class=\"kb-is-ratio-image kb-image-ratio-land169\"><img loading=\"lazy\" decoding=\"async\" width=\"1024\" height=\"932\" src=\"https:\/\/web.alpacaplace.de\/wp-content\/uploads\/2026\/01\/Seifen-1024x932.jpeg\" alt=\"seifen\" class=\"kb-img wp-image-378\" title=\"Produkte\" srcset=\"https:\/\/alpacaplace.de\/wp-content\/uploads\/2026\/01\/Seifen-1024x932.jpeg 1024w, https:\/\/alpacaplace.de\/wp-content\/uploads\/2026\/01\/Seifen-300x273.jpeg 300w, https:\/\/alpacaplace.de\/wp-content\/uploads\/2026\/01\/Seifen-768x699.jpeg 768w, https:\/\/alpacaplace.de\/wp-content\/uploads\/2026\/01\/Seifen-1536x1398.jpeg 1536w, https:\/\/alpacaplace.de\/wp-content\/uploads\/2026\/01\/Seifen-13x12.jpeg 13w, https:\/\/alpacaplace.de\/wp-content\/uploads\/2026\/01\/Seifen.jpeg 1920w\" sizes=\"auto, (max-width: 1024px) 100vw, 1024px\" \/><\/div><\/figure>\n\n\n<style>.wp-block-kadence-advancedheading.kt-adv-heading221_4bd03a-01, .wp-block-kadence-advancedheading.kt-adv-heading221_4bd03a-01[data-kb-block=\"kb-adv-heading221_4bd03a-01\"]{font-style:normal;}.wp-block-kadence-advancedheading.kt-adv-heading221_4bd03a-01 mark.kt-highlight, .wp-block-kadence-advancedheading.kt-adv-heading221_4bd03a-01[data-kb-block=\"kb-adv-heading221_4bd03a-01\"] mark.kt-highlight{font-style:normal;color:#f76a0c;-webkit-box-decoration-break:clone;box-decoration-break:clone;padding-top:0px;padding-right:0px;padding-bottom:0px;padding-left:0px;}.wp-block-kadence-advancedheading.kt-adv-heading221_4bd03a-01 img.kb-inline-image, .wp-block-kadence-advancedheading.kt-adv-heading221_4bd03a-01[data-kb-block=\"kb-adv-heading221_4bd03a-01\"] img.kb-inline-image{width:150px;vertical-align:baseline;}<\/style>\n<h2 class=\"kt-adv-heading221_4bd03a-01 wp-block-kadence-advancedheading\" data-kb-block=\"kb-adv-heading221_4bd03a-01\">Alpaca-Seife<\/h2>\n\n\n\n<p>Aus der Faser unserer Alpakas lassen wir Seife herstellen. Es ist ein gutes Gef\u00fchl, zu wissen, Seife zu ben\u00fctzen die von unseren Tieren kommt. Keine Chemie, ein nachhaltiges Naturprodukt. <\/p>\n\n\n\n<p><strong>Preis: 7,50 \u20ac<\/strong> <br>5 St\u00fcck = 35 \u20ac<\/p>\n\n\n<style>.wp-block-kadence-advancedbtn.kb-btns221_14b157-8a{gap:var(--global-kb-gap-xs, 0.5rem );justify-content:flex-start;align-items:center;}.kt-btns221_14b157-8a .kt-button{font-weight:normal;font-style:normal;}.kt-btns221_14b157-8a .kt-btn-wrap-0{margin-right:5px;}.wp-block-kadence-advancedbtn.kt-btns221_14b157-8a .kt-btn-wrap-0 .kt-button{color:#555555;border-color:#555555;}.wp-block-kadence-advancedbtn.kt-btns221_14b157-8a .kt-btn-wrap-0 .kt-button:hover, .wp-block-kadence-advancedbtn.kt-btns221_14b157-8a .kt-btn-wrap-0 .kt-button:focus{color:#ffffff;border-color:#444444;}.wp-block-kadence-advancedbtn.kt-btns221_14b157-8a .kt-btn-wrap-0 .kt-button::before{display:none;}.wp-block-kadence-advancedbtn.kt-btns221_14b157-8a .kt-btn-wrap-0 .kt-button:hover, .wp-block-kadence-advancedbtn.kt-btns221_14b157-8a .kt-btn-wrap-0 .kt-button:focus{background:#444444;}<\/style>\n<div class=\"wp-block-kadence-advancedbtn kb-buttons-wrap kb-btns221_14b157-8a\"><style>ul.menu .wp-block-kadence-advancedbtn .kb-btn221_8f98f0-c5.kb-button{width:initial;}<\/style><a class=\"kb-button kt-button button kb-btn221_8f98f0-c5 kt-btn-size-standard kt-btn-width-type-auto kb-btn-global-inherit  kt-btn-has-text-true kt-btn-has-svg-false  wp-block-button__link wp-block-kadence-singlebtn\" href=\"mailto:alpacaplace@gmx.de?subject=Bestellung%20Alpaca-Seife\"><span class=\"kt-btn-inner-text\">Seifen bestellen<\/span><\/a><\/div>\n<\/div><\/div>\n\n\n<style>.kadence-column221_5ce1a3-a9 > .kt-inside-inner-col,.kadence-column221_5ce1a3-a9 > .kt-inside-inner-col:before{border-top-left-radius:0px;border-top-right-radius:0px;border-bottom-right-radius:0px;border-bottom-left-radius:0px;}.kadence-column221_5ce1a3-a9 > .kt-inside-inner-col{column-gap:var(--global-kb-gap-sm, 1rem);}.kadence-column221_5ce1a3-a9 > .kt-inside-inner-col{flex-direction:column;}.kadence-column221_5ce1a3-a9 > .kt-inside-inner-col > .aligncenter{width:100%;}.kadence-column221_5ce1a3-a9 > .kt-inside-inner-col:before{opacity:0.3;}.kadence-column221_5ce1a3-a9{position:relative;}@media all and (max-width: 1024px){.kadence-column221_5ce1a3-a9 > .kt-inside-inner-col{flex-direction:column;justify-content:center;}}@media all and (max-width: 767px){.kadence-column221_5ce1a3-a9 > .kt-inside-inner-col{flex-direction:column;justify-content:center;}}<\/style>\n<div class=\"wp-block-kadence-column kadence-column221_5ce1a3-a9\"><div class=\"kt-inside-inner-col\"><style>.kb-image221_e1c2d8-34 .kb-image-has-overlay:after{opacity:0.3;}.kb-image221_e1c2d8-34 img.kb-img, .kb-image221_e1c2d8-34 .kb-img img{object-position:50% 9%;}<\/style>\n<figure class=\"wp-block-kadence-image kb-image221_e1c2d8-34 size-large kb-image-is-ratio-size\"><div class=\"kb-is-ratio-image kb-image-ratio-land169\"><img loading=\"lazy\" decoding=\"async\" width=\"734\" height=\"1024\" src=\"https:\/\/web.alpacaplace.de\/wp-content\/uploads\/2026\/01\/Sohlen--734x1024.jpeg\" alt=\"sohlen\" class=\"kb-img wp-image-379\" title=\"Produkte\" srcset=\"https:\/\/alpacaplace.de\/wp-content\/uploads\/2026\/01\/Sohlen--734x1024.jpeg 734w, https:\/\/alpacaplace.de\/wp-content\/uploads\/2026\/01\/Sohlen--215x300.jpeg 215w, https:\/\/alpacaplace.de\/wp-content\/uploads\/2026\/01\/Sohlen--768x1071.jpeg 768w, https:\/\/alpacaplace.de\/wp-content\/uploads\/2026\/01\/Sohlen--1102x1536.jpeg 1102w, https:\/\/alpacaplace.de\/wp-content\/uploads\/2026\/01\/Sohlen--9x12.jpeg 9w, https:\/\/alpacaplace.de\/wp-content\/uploads\/2026\/01\/Sohlen-.jpeg 1377w\" sizes=\"auto, (max-width: 734px) 100vw, 734px\" \/><\/div><\/figure>\n\n\n<style>.wp-block-kadence-advancedheading.kt-adv-heading221_1d70fc-ca, .wp-block-kadence-advancedheading.kt-adv-heading221_1d70fc-ca[data-kb-block=\"kb-adv-heading221_1d70fc-ca\"]{font-style:normal;}.wp-block-kadence-advancedheading.kt-adv-heading221_1d70fc-ca mark.kt-highlight, .wp-block-kadence-advancedheading.kt-adv-heading221_1d70fc-ca[data-kb-block=\"kb-adv-heading221_1d70fc-ca\"] mark.kt-highlight{font-style:normal;color:#f76a0c;-webkit-box-decoration-break:clone;box-decoration-break:clone;padding-top:0px;padding-right:0px;padding-bottom:0px;padding-left:0px;}.wp-block-kadence-advancedheading.kt-adv-heading221_1d70fc-ca img.kb-inline-image, .wp-block-kadence-advancedheading.kt-adv-heading221_1d70fc-ca[data-kb-block=\"kb-adv-heading221_1d70fc-ca\"] img.kb-inline-image{width:150px;vertical-align:baseline;}<\/style>\n<h2 class=\"kt-adv-heading221_1d70fc-ca wp-block-kadence-advancedheading\" data-kb-block=\"kb-adv-heading221_1d70fc-ca\">Schuheinlagen aus Alpaca-Filz<\/h2>\n\n\n\n<p>Diese w\u00e4rmenden Schuheinlagen sind &#8222;unschlagbar&#8220;. Diese werden aus Fasern des Hals-und Schulterbereichs unserer Alpaks hergestellt. Wer diese in den Schuhen tr\u00e4gt, bekommt so gut wie nie mehr &#8222;kalte F\u00fc\u00dfe&#8220; \ud83d\ude42 braune oder helle Variante <\/p>\n\n\n\n<p><strong>Preis: 12 \u20ac<\/strong><br> 4 Paar=45\u20ac<\/p>\n\n\n<style>.wp-block-kadence-advancedbtn.kb-btns221_7f1400-0a{gap:var(--global-kb-gap-xs, 0.5rem );justify-content:flex-start;align-items:center;}.kt-btns221_7f1400-0a .kt-button{font-weight:normal;font-style:normal;}.kt-btns221_7f1400-0a .kt-btn-wrap-0{margin-right:5px;}.wp-block-kadence-advancedbtn.kt-btns221_7f1400-0a .kt-btn-wrap-0 .kt-button{color:#555555;border-color:#555555;}.wp-block-kadence-advancedbtn.kt-btns221_7f1400-0a .kt-btn-wrap-0 .kt-button:hover, .wp-block-kadence-advancedbtn.kt-btns221_7f1400-0a .kt-btn-wrap-0 .kt-button:focus{color:#ffffff;border-color:#444444;}.wp-block-kadence-advancedbtn.kt-btns221_7f1400-0a .kt-btn-wrap-0 .kt-button::before{display:none;}.wp-block-kadence-advancedbtn.kt-btns221_7f1400-0a .kt-btn-wrap-0 .kt-button:hover, .wp-block-kadence-advancedbtn.kt-btns221_7f1400-0a .kt-btn-wrap-0 .kt-button:focus{background:#444444;}<\/style>\n<div class=\"wp-block-kadence-advancedbtn kb-buttons-wrap kb-btns221_7f1400-0a\"><style>ul.menu .wp-block-kadence-advancedbtn .kb-btn221_7c49e4-db.kb-button{width:initial;}<\/style><a class=\"kb-button kt-button button kb-btn221_7c49e4-db kt-btn-size-standard kt-btn-width-type-auto kb-btn-global-inherit  kt-btn-has-text-true kt-btn-has-svg-false  wp-block-button__link wp-block-kadence-singlebtn\" href=\"mailto:alpacaplace@gmx.de?subject=Bestellung%20Schuheinlage\"><span class=\"kt-btn-inner-text\">Schuheinlagen bestellen<\/span><\/a><\/div>\n<\/div><\/div>\n\n\n<style>.kadence-column221_935716-40 > .kt-inside-inner-col,.kadence-column221_935716-40 > .kt-inside-inner-col:before{border-top-left-radius:0px;border-top-right-radius:0px;border-bottom-right-radius:0px;border-bottom-left-radius:0px;}.kadence-column221_935716-40 > .kt-inside-inner-col{column-gap:var(--global-kb-gap-sm, 1rem);}.kadence-column221_935716-40 > .kt-inside-inner-col{flex-direction:column;}.kadence-column221_935716-40 > .kt-inside-inner-col > .aligncenter{width:100%;}.kadence-column221_935716-40 > .kt-inside-inner-col:before{opacity:0.3;}.kadence-column221_935716-40{position:relative;}@media all and (max-width: 1024px){.kadence-column221_935716-40 > .kt-inside-inner-col{flex-direction:column;justify-content:center;}}@media all and (max-width: 767px){.kadence-column221_935716-40 > .kt-inside-inner-col{flex-direction:column;justify-content:center;}}<\/style>\n<div class=\"wp-block-kadence-column kadence-column221_935716-40\"><div class=\"kt-inside-inner-col\"><style>.kb-image221_6ccef0-98 .kb-image-has-overlay:after{opacity:0.3;}<\/style>\n<figure class=\"wp-block-kadence-image kb-image221_6ccef0-98 kb-image-is-ratio-size\"><div class=\"kb-is-ratio-image kb-image-ratio-land169\"><img loading=\"lazy\" decoding=\"async\" width=\"1024\" height=\"682\" src=\"https:\/\/web.alpacaplace.de\/wp-content\/uploads\/2025\/12\/image.jpg\" alt=\"image\" class=\"kb-img wp-image-288\" title=\"Produkte\" srcset=\"https:\/\/alpacaplace.de\/wp-content\/uploads\/2025\/12\/image.jpg 1024w, https:\/\/alpacaplace.de\/wp-content\/uploads\/2025\/12\/image-300x200.jpg 300w, https:\/\/alpacaplace.de\/wp-content\/uploads\/2025\/12\/image-768x512.jpg 768w, https:\/\/alpacaplace.de\/wp-content\/uploads\/2025\/12\/image-18x12.jpg 18w\" sizes=\"auto, (max-width: 1024px) 100vw, 1024px\" \/><\/div><\/figure>\n\n\n<style>.wp-block-kadence-advancedheading.kt-adv-heading221_7b48cd-88, .wp-block-kadence-advancedheading.kt-adv-heading221_7b48cd-88[data-kb-block=\"kb-adv-heading221_7b48cd-88\"]{font-style:normal;}.wp-block-kadence-advancedheading.kt-adv-heading221_7b48cd-88 mark.kt-highlight, .wp-block-kadence-advancedheading.kt-adv-heading221_7b48cd-88[data-kb-block=\"kb-adv-heading221_7b48cd-88\"] mark.kt-highlight{font-style:normal;color:#f76a0c;-webkit-box-decoration-break:clone;box-decoration-break:clone;padding-top:0px;padding-right:0px;padding-bottom:0px;padding-left:0px;}.wp-block-kadence-advancedheading.kt-adv-heading221_7b48cd-88 img.kb-inline-image, .wp-block-kadence-advancedheading.kt-adv-heading221_7b48cd-88[data-kb-block=\"kb-adv-heading221_7b48cd-88\"] img.kb-inline-image{width:150px;vertical-align:baseline;}<\/style>\n<h2 class=\"kt-adv-heading221_7b48cd-88 wp-block-kadence-advancedheading\" data-kb-block=\"kb-adv-heading221_7b48cd-88\">Gutscheine f\u00fcr Alpaka-wanderungen<\/h2>\n\n\n\n<p>Wir versenden Gutscheine nach ihrer individuellen Anfrage, z.B. f\u00fcr Familien, Paare, JGA, zum Geburtstag, usw. Teilen sie uns gerne ihre W\u00fcnsche per mail mit, &#8230; <\/p>\n\n\n\n<p><strong>Preis<\/strong> : <br>Abh\u00e4ngig von Teilnehmer- und Tieranzahl<\/p>\n\n\n<style>.wp-block-kadence-advancedbtn.kb-btns221_0a8d44-d1{gap:var(--global-kb-gap-xs, 0.5rem );justify-content:flex-start;align-items:center;}.kt-btns221_0a8d44-d1 .kt-button{font-weight:normal;font-style:normal;}.kt-btns221_0a8d44-d1 .kt-btn-wrap-0{margin-right:5px;}.wp-block-kadence-advancedbtn.kt-btns221_0a8d44-d1 .kt-btn-wrap-0 .kt-button{color:#555555;border-color:#555555;}.wp-block-kadence-advancedbtn.kt-btns221_0a8d44-d1 .kt-btn-wrap-0 .kt-button:hover, .wp-block-kadence-advancedbtn.kt-btns221_0a8d44-d1 .kt-btn-wrap-0 .kt-button:focus{color:#ffffff;border-color:#444444;}.wp-block-kadence-advancedbtn.kt-btns221_0a8d44-d1 .kt-btn-wrap-0 .kt-button::before{display:none;}.wp-block-kadence-advancedbtn.kt-btns221_0a8d44-d1 .kt-btn-wrap-0 .kt-button:hover, .wp-block-kadence-advancedbtn.kt-btns221_0a8d44-d1 .kt-btn-wrap-0 .kt-button:focus{background:#444444;}<\/style>\n<div class=\"wp-block-kadence-advancedbtn kb-buttons-wrap kb-btns221_0a8d44-d1\"><style>ul.menu .wp-block-kadence-advancedbtn .kb-btn221_effd82-2c.kb-button{width:initial;}<\/style><a class=\"kb-button kt-button button kb-btn221_effd82-2c kt-btn-size-standard kt-btn-width-type-auto kb-btn-global-inherit  kt-btn-has-text-true kt-btn-has-svg-false  wp-block-button__link wp-block-kadence-singlebtn\" href=\"mailto:alpacaplace@gmx.de?subject=Bestellung%20Gutschein%20Alpaka-Wanderung\"><span class=\"kt-btn-inner-text\">Gutschein bestellen<\/span><\/a><\/div>\n<\/div><\/div>\n\n<\/div><\/div>","protected":false},"excerpt":{"rendered":"<p>Alpaca-Bettdecken Nebst unserer Zucht lassen wir die Faser unserer Tiere zu hochwertigen Bettdecken verarbeiten. Diese sind kuschlig warm und sehr begehrt. Preisbeispiel f\u00fcr Standardgr\u00f6\u00dfen , Sondergr\u00f6\u00dfen auf Anfrage. Preis: auf Anfrage Alpaca-Seife Aus der Faser unserer Alpakas lassen wir Seife herstellen. Es ist ein gutes Gef\u00fchl, zu wissen, Seife zu ben\u00fctzen die von unseren Tieren&#8230;<\/p>","protected":false},"author":1,"featured_media":0,"parent":0,"menu_order":2,"comment_status":"closed","ping_status":"closed","template":"","meta":{"_kad_blocks_custom_css":"","_kad_blocks_head_custom_js":"","_kad_blocks_body_custom_js":"","_kad_blocks_footer_custom_js":"","_kad_post_transparent":"","_kad_post_title":"","_kad_post_layout":"","_kad_post_sidebar_id":"","_kad_post_content_style":"unboxed","_kad_post_vertical_padding":"bottom","_kad_post_feature":"","_kad_post_feature_position":"","_kad_post_header":false,"_kad_post_footer":false,"_kad_post_classname":"","footnotes":""},"class_list":["post-221","page","type-page","status-publish","hentry"],"taxonomy_info":[],"featured_image_src_large":false,"author_info":{"display_name":"alpaca-admin","author_link":"https:\/\/alpacaplace.de\/en\/author\/alpaca-admin\/"},"comment_info":0,"meta_box":[],"_links":{"self":[{"href":"https:\/\/alpacaplace.de\/en\/wp-json\/wp\/v2\/pages\/221","targetHints":{"allow":["GET"]}}],"collection":[{"href":"https:\/\/alpacaplace.de\/en\/wp-json\/wp\/v2\/pages"}],"about":[{"href":"https:\/\/alpacaplace.de\/en\/wp-json\/wp\/v2\/types\/page"}],"author":[{"embeddable":true,"href":"https:\/\/alpacaplace.de\/en\/wp-json\/wp\/v2\/users\/1"}],"replies":[{"embeddable":true,"href":"https:\/\/alpacaplace.de\/en\/wp-json\/wp\/v2\/comments?post=221"}],"version-history":[{"count":8,"href":"https:\/\/alpacaplace.de\/en\/wp-json\/wp\/v2\/pages\/221\/revisions"}],"predecessor-version":[{"id":232,"href":"https:\/\/alpacaplace.de\/en\/wp-json\/wp\/v2\/pages\/221\/revisions\/232"}],"wp:attachment":[{"href":"https:\/\/alpacaplace.de\/en\/wp-json\/wp\/v2\/media?parent=221"}],"curies":[{"name":"wp","href":"https:\/\/api.w.org\/{rel}","templated":true}]}}