{"id":11,"date":"2025-10-05T17:10:18","date_gmt":"2025-10-05T15:10:18","guid":{"rendered":"https:\/\/web.alpacaplace.de\/?page_id=11"},"modified":"2025-10-06T15:57:19","modified_gmt":"2025-10-06T13:57:19","slug":"impressum","status":"publish","type":"page","link":"https:\/\/alpacaplace.de\/en\/impressum\/","title":{"rendered":"Imprint"},"content":{"rendered":"<h3 class=\"wp-block-heading\">Inhaltlich Verantwortlicher \/ Copyright-Inhaber<\/h3>\n\n\n\n<p>Gerd Klozb\u00fccher<br>Rechbergstrasse 22<br>73479 Ellwangen<\/p>\n\n\n\n<h3 class=\"wp-block-heading\">Contact<\/h3>\n\n\n\n<p>Telefon-Nr: 07961 \u2013 9 59 98 27<br>Handy: 0152 \u2013 5814 9934<br>E-Mail: alpacaplace (at) gmx.de<\/p>\n\n\n\n<h3 class=\"wp-block-heading\"><strong>Copyright<\/strong><\/h3>\n\n\n\n<p>Die Internet-Pr\u00e4senz \u201ealpacaplace.de\u201c einschlie\u00dflich aller ihrer Teile ist urheberrechtlich gesch\u00fctzt. Jede Verwertung au\u00dferhalb der engen Grenzen des Urheberrechtsgesetzes ohne Zustimmung des jeweiligen Copyright-Inhaber ist unzul\u00e4ssig. Das gilt insbesondere f\u00fcr Vervielf\u00e4ltigungen, \u00dcbersetzungen und die Einspeicherung und Verarbeitung in Datenverarbeitungssystemen zwecks kommerzieller Nutzung. Kopien f\u00fcr ausschlie\u00dflich private Zwecke sind nur mit Zustimmung des jeweiligen Copyright-Inhaber zu l\u00e4ssig. Die Nutzung von Kopien zur Ver\u00f6ffentlichung in einer privaten Homepage bedarf ebenfalls der Zustimmung des jeweiligen Copyright-Inhaber. Alle Kopien m\u00fcssen deutlich als solche ausgewiesen werden. Jeder Kopie ist diese Copyright-Datei ungek\u00fcrzt anzuf\u00fcgen, auch dann, wenn die Kopie nur Teilbereiche des eigentlichen Inhalts enth\u00e4lt. Die Ver\u00f6ffentlichung von Links, die zur Internet-Pr\u00e4senz \u201ealpacaplace.de\u201c f\u00fchren, ist erw\u00fcnscht, eine Einbindung in fremde Frames ist jedoch nicht statthaft. Zuwiderhandlungen werden zivil- und strafrechtlich bis zur gesetzlichen H\u00f6chststrafe verfolgt.<\/p>\n\n\n\n<h3 class=\"wp-block-heading\"><strong>Haftungsausschluss<\/strong><\/h3>\n\n\n\n<p>Das Landgericht Hamburg hat mit Urteil vom 12. 05. 1998 entschieden, dass man durch die Ausbringung eines Links die Inhalte der gelinkten Seite ggf. mit zu verantworten hat. Dies kann \u2013 lt. LG \u2013 nur dadurch verhindert werden, dass man sich ausdr\u00fccklich von diesen Inhalten distanziert. F\u00fcr alle Links gilt: \u201eIch betonen ausdr\u00fccklich, dass ich keinerlei Einfluss auf die Gestaltung und die Inhalte der gelinkten Seiten haben. Deshalb distanziere ich mich hiermit ausdr\u00fccklich von allen Inhalten aller gelinkten Seiten auf meiner gesamten Website inkl. aller Unterseiten und schlie\u00dfen jegliche Haftung daf\u00fcr generell aus! Diese Erkl\u00e4rung gilt f\u00fcr alle auf meiner Homepage ausgebrachten Links und f\u00fcr alle Inhalte der Seiten, zu denen Links oder Banner f\u00fchren.\u201c<br><br>Wir \u00fcbernehmen keinerlei Gew\u00e4hr f\u00fcr die Aktualit\u00e4t, Korrektheit, Vollst\u00e4ndigkeit oder Qualit\u00e4t der bereitgestellten Informationen. Haftungsanspr\u00fcche gegen uns, welche sich auf Sch\u00e4den materieller oder ideeller Art beziehen, die durch die Nutzung oder Nichtnutzung der dargebotenen Informationen bzw. durch die Nutzung fehlerhafter und unvollst\u00e4ndiger Informationen verursacht wurden, sind grunds\u00e4tzlich ausgeschlossen, sofern von uns kein nachweislich vors\u00e4tzliches oder grob fahrl\u00e4ssiges Verschulden vorliegt. Wir behalten es uns ausdr\u00fccklich vor, Teile der Seiten oder das gesamte Angebot ohne gesonderte Ank\u00fcndigung zu ver\u00e4ndern, zu erg\u00e4nzen, zu l\u00f6schen oder die Ver\u00f6ffentlichung zeitweise oder endg\u00fcltig einzustellen. Bei direkten oder indirekten Verweisen auf fremde Webseiten (\u201eHyperlinks\u201c), die au\u00dferhalb unseres Verantwortungsbereiches liegen, w\u00fcrde eine Haftungsverpflichtung ausschlie\u00dflich in dem Fall in Kraft treten, in dem wir von den Inhalten Kenntnis haben und es uns technisch m\u00f6glich und zumutbar w\u00e4re, die Nutzung im Falle rechtswidriger Inhalte zu verhindern. Wir erkl\u00e4ren hiermit ausdr\u00fccklich, dass zum Zeitpunkt der Linksetzung keine illegalen Inhalte auf den zu verlinkenden Seiten erkennbar waren. Auf die aktuelle und zuk\u00fcnftige Gestaltung, die Inhalte oder die Urheberschaft der verlinkten\/verkn\u00fcpften Seiten haben wir keinerlei Einfluss. Deshalb distanzieren wir uns hiermit ausdr\u00fccklich von allen Inhalten aller verlinkten\/verkn\u00fcpften Seiten, die nach der Linksetzung ver\u00e4ndert wurden. Diese Feststellung gilt f\u00fcr alle innerhalb unseres Internetangebotes gesetzten Links und Verweise. F\u00fcr illegale, fehlerhafte oder unvollst\u00e4ndige Inhalte und insbesondere f\u00fcr Sch\u00e4den, die aus der Nutzung oder Nichtnutzung solcherart dargebotener Informationen entstehen, haftet allein der Anbieter der Seite, auf welche verwiesen wurde. Dieser Haftungsausschluss ist Teil dieser Homepage. Sofern Teile oder einzelne Formulierungen dieses Textes der geltenden Rechtslage nicht, nicht mehr oder nicht vollst\u00e4ndig entsprechen sollten, bleiben die \u00fcbrigen Teile des Dokumentes in ihrem Inhalt und ihrer G\u00fcltigkeit davon unber\u00fchrt.<\/p>","protected":false},"excerpt":{"rendered":"<p>Inhaltlich Verantwortlicher \/ Copyright-Inhaber Gerd Klozb\u00fccherRechbergstrasse 2273479 Ellwangen Kontakt Telefon-Nr: 07961 \u2013 9 59 98 27Handy: 0152 \u2013 5814 9934E-Mail: alpacaplace (at) gmx.de Copyright Die Internet-Pr\u00e4senz \u201ealpacaplace.de\u201c einschlie\u00dflich aller ihrer Teile ist urheberrechtlich gesch\u00fctzt. Jede Verwertung au\u00dferhalb der engen Grenzen des Urheberrechtsgesetzes ohne Zustimmung des jeweiligen Copyright-Inhaber ist unzul\u00e4ssig. Das gilt insbesondere f\u00fcr Vervielf\u00e4ltigungen, \u00dcbersetzungen&#8230;<\/p>","protected":false},"author":1,"featured_media":0,"parent":0,"menu_order":0,"comment_status":"closed","ping_status":"closed","template":"","meta":{"_kad_blocks_custom_css":"","_kad_blocks_head_custom_js":"","_kad_blocks_body_custom_js":"","_kad_blocks_footer_custom_js":"","_kad_post_transparent":"","_kad_post_title":"","_kad_post_layout":"","_kad_post_sidebar_id":"","_kad_post_content_style":"","_kad_post_vertical_padding":"","_kad_post_feature":"","_kad_post_feature_position":"","_kad_post_header":false,"_kad_post_footer":false,"_kad_post_classname":"","footnotes":""},"class_list":["post-11","page","type-page","status-publish","hentry"],"taxonomy_info":[],"featured_image_src_large":false,"author_info":{"display_name":"alpaca-admin","author_link":"https:\/\/alpacaplace.de\/en\/author\/alpaca-admin\/"},"comment_info":0,"meta_box":[],"_links":{"self":[{"href":"https:\/\/alpacaplace.de\/en\/wp-json\/wp\/v2\/pages\/11","targetHints":{"allow":["GET"]}}],"collection":[{"href":"https:\/\/alpacaplace.de\/en\/wp-json\/wp\/v2\/pages"}],"about":[{"href":"https:\/\/alpacaplace.de\/en\/wp-json\/wp\/v2\/types\/page"}],"author":[{"embeddable":true,"href":"https:\/\/alpacaplace.de\/en\/wp-json\/wp\/v2\/users\/1"}],"replies":[{"embeddable":true,"href":"https:\/\/alpacaplace.de\/en\/wp-json\/wp\/v2\/comments?post=11"}],"version-history":[{"count":5,"href":"https:\/\/alpacaplace.de\/en\/wp-json\/wp\/v2\/pages\/11\/revisions"}],"predecessor-version":[{"id":127,"href":"https:\/\/alpacaplace.de\/en\/wp-json\/wp\/v2\/pages\/11\/revisions\/127"}],"wp:attachment":[{"href":"https:\/\/alpacaplace.de\/en\/wp-json\/wp\/v2\/media?parent=11"}],"curies":[{"name":"wp","href":"https:\/\/api.w.org\/{rel}","templated":true}]}}